{"id":3533,"date":"2024-03-19T16:53:35","date_gmt":"2024-03-19T15:53:35","guid":{"rendered":"https:\/\/holycow-chocolate.be\/?post_type=product&#038;p=3533"},"modified":"2025-11-03T10:53:41","modified_gmt":"2025-11-03T09:53:41","slug":"chocolade-tablet-gianduja","status":"publish","type":"product","link":"https:\/\/holycow-chocolate.be\/it\/prodotto-2\/chocolade-tablet-gianduja\/","title":{"rendered":"Chocolade tablet Gianduja (vegan)"},"content":{"rendered":"<h3>Highlights<\/h3>\n<ul>\n<li>Prodotto in Belgio<\/li>\n<li>Senza lecitina, (aroma di) vaniglia o altri additivi<\/li>\n<li>100% cacao tracciabile \u2013 'monorigine' Kerala (India)<\/li>\n<li>Confezioni eco-friendly<\/li>\n<li>100 % vegano<\/li>\n<\/ul>","protected":false},"excerpt":{"rendered":"<p><b>EXPERIENCE THE REAL FLAVOUR OF ITALIAN GIANDUJA.<\/b><\/p>\n<p>Geniet van een stukje farmer-fair en kwaliteitsvolle chocolade met geroosterde hazelnoten uit Piemonte, in een ecologische verpakking.<\/p>\n<p>Wat is <strong>Gianduja<\/strong>? In Itali\u00eb, een gekende lekkernij op basis van chocolade en hazelnootpasta. De hazelnoten nemen we direct af van een landbouwco\u00f6peratie uit Noord-Itali\u00eb.<\/p>\n<p>Con cacao pregiato lavorato in una filiera del cacao sostenibile, equa e trasparente.<\/p>\n<p><strong>53% cacaobestanddelen \u00b7 70 g<\/strong><\/p>","protected":false},"featured_media":3539,"comment_status":"open","ping_status":"closed","template":"","meta":{"_acf_changed":false},"product_brand":[],"product_cat":[18],"product_tag":[45,52,55,65,54,53,60,56,59,81,80,44],"class_list":{"0":"post-3533","1":"product","2":"type-product","3":"status-publish","4":"has-post-thumbnail","6":"product_cat-tablet","7":"product_tag-chocolade","8":"product_tag-chocolate","9":"product_tag-duurzaam","10":"product_tag-eerlijk","11":"product_tag-fair","12":"product_tag-kwaliteit","13":"product_tag-no-additives","14":"product_tag-plant-based","15":"product_tag-speciality-cacao","16":"product_tag-sugar-free","17":"product_tag-suikervrij","18":"product_tag-vegan","19":"product_shipping_class-standaard","21":"first","22":"instock","23":"taxable","24":"shipping-taxable","25":"purchasable","26":"product-type-simple"},"acf":[],"_links":{"self":[{"href":"https:\/\/holycow-chocolate.be\/it\/wp-json\/wp\/v2\/product\/3533","targetHints":{"allow":["GET"]}}],"collection":[{"href":"https:\/\/holycow-chocolate.be\/it\/wp-json\/wp\/v2\/product"}],"about":[{"href":"https:\/\/holycow-chocolate.be\/it\/wp-json\/wp\/v2\/types\/product"}],"replies":[{"embeddable":true,"href":"https:\/\/holycow-chocolate.be\/it\/wp-json\/wp\/v2\/comments?post=3533"}],"wp:featuredmedia":[{"embeddable":true,"href":"https:\/\/holycow-chocolate.be\/it\/wp-json\/wp\/v2\/media\/3539"}],"wp:attachment":[{"href":"https:\/\/holycow-chocolate.be\/it\/wp-json\/wp\/v2\/media?parent=3533"}],"wp:term":[{"taxonomy":"product_brand","embeddable":true,"href":"https:\/\/holycow-chocolate.be\/it\/wp-json\/wp\/v2\/product_brand?post=3533"},{"taxonomy":"product_cat","embeddable":true,"href":"https:\/\/holycow-chocolate.be\/it\/wp-json\/wp\/v2\/product_cat?post=3533"},{"taxonomy":"product_tag","embeddable":true,"href":"https:\/\/holycow-chocolate.be\/it\/wp-json\/wp\/v2\/product_tag?post=3533"}],"curies":[{"name":"wp","href":"https:\/\/api.w.org\/{rel}","templated":true}]}}